{"id":91,"date":"2024-07-02T13:14:27","date_gmt":"2024-07-02T11:14:27","guid":{"rendered":"http:\/\/livepr.hu\/?page_id=91"},"modified":"2025-10-31T21:50:41","modified_gmt":"2025-10-31T20:50:41","slug":"strategiai-kommunikacios-tanacsadas","status":"publish","type":"page","link":"https:\/\/livepr.hu\/en\/strategiai-kommunikacios-tanacsadas\/","title":{"rendered":"Strategic communications advisory"},"content":{"rendered":"<p>A kommunik\u00e1ci\u00f3 nem \u201enice to have\u201d. Pontosan m\u00e9rhet\u0151, hat\u00e1ssal van a szervezet sikeress\u00e9g\u00e9re.<\/p>\n\n\n\n<p>\u00c9rt\u00e9kes\u00edt\u00e9si c\u00e9ljaid vannak? \u00dajmagyarul: targeteket kell hozni? Rossz a meg\u00edt\u00e9l\u00e9se a m\u00e1rk\u00e1nak? \u00daj term\u00e9kkateg\u00f3ri\u00e1t kellene bevezetni, de a fogyaszt\u00f3kban m\u00e9g nincs meg az ig\u00e9ny r\u00e1? V\u00e9gre siker\u00fclt k\u00f6rnyezetbar\u00e1tabb\u00e1 tenni a termel\u00e9si folyamataidat, de mi haszna, ha nem tudja senki?<\/p>\n\n\n\n<p>A v\u00e1lasz az \u00f6sszes k\u00e9rd\u00e9sre: strat\u00e9giailag fel\u00e9p\u00edtett, a c\u00e9lokhoz rendel, m\u00e9rhet\u0151 kommunik\u00e1ci\u00f3. Ebben seg\u00edt\u00fcnk neked. Felt\u00e1rjuk \u00e9s m\u00e9rhet\u0151v\u00e9 tessz\u00fck a c\u00e9lokat, hozz\u00e1rendelj\u00fck a megfelel\u0151 kommunik\u00e1ci\u00f3s eszk\u00f6z\u00f6ket, ha sz\u00fcks\u00e9ges, egy\u00fcttm\u0171k\u00f6d\u00fcnk a megval\u00f3s\u00edt\u00e1sban \u00e9s folyamatosan monitorozzuk, hogykell-e v\u00e1ltoztatni a folyamaton.<\/p>\n\n\n\n<p>A v\u00e9g\u00e9n k\u00e9zzelfoghat\u00f3 eredm\u00e9nyeket kapsz, amellyel pontosan l\u00e1tod majd, hogy hogyan, merre kell tov\u00e1bbl\u00e9pned.<\/p>","protected":false},"excerpt":{"rendered":"<p>A kommunik\u00e1ci\u00f3 nem \u201enice to have\u201d. Pontosan m\u00e9rhet\u0151, hat\u00e1ssal van a szervezet sikeress\u00e9g\u00e9re. \u00c9rt\u00e9kes\u00edt\u00e9si c\u00e9ljaid vannak? \u00dajmagyarul: targeteket kell hozni? Rossz a meg\u00edt\u00e9l\u00e9se a m\u00e1rk\u00e1nak? \u00daj term\u00e9kkateg\u00f3ri\u00e1t kellene bevezetni, de a fogyaszt\u00f3kban m\u00e9g nincs meg az ig\u00e9ny r\u00e1? V\u00e9gre siker\u00fclt k\u00f6rnyezetbar\u00e1tabb\u00e1 tenni a termel\u00e9si folyamataidat, de mi haszna, ha nem tudja senki? A v\u00e1lasz az [&hellip;]<\/p>\n","protected":false},"author":1,"featured_media":0,"parent":0,"menu_order":0,"comment_status":"closed","ping_status":"closed","template":"","meta":{"_acf_changed":false,"_seopress_robots_primary_cat":"","_seopress_titles_title":"","_seopress_titles_desc":"","_seopress_robots_index":"","footnotes":""},"class_list":["post-91","page","type-page","status-publish","hentry"],"acf":[],"_links":{"self":[{"href":"https:\/\/livepr.hu\/en\/wp-json\/wp\/v2\/pages\/91","targetHints":{"allow":["GET"]}}],"collection":[{"href":"https:\/\/livepr.hu\/en\/wp-json\/wp\/v2\/pages"}],"about":[{"href":"https:\/\/livepr.hu\/en\/wp-json\/wp\/v2\/types\/page"}],"author":[{"embeddable":true,"href":"https:\/\/livepr.hu\/en\/wp-json\/wp\/v2\/users\/1"}],"replies":[{"embeddable":true,"href":"https:\/\/livepr.hu\/en\/wp-json\/wp\/v2\/comments?post=91"}],"version-history":[{"count":4,"href":"https:\/\/livepr.hu\/en\/wp-json\/wp\/v2\/pages\/91\/revisions"}],"predecessor-version":[{"id":1148,"href":"https:\/\/livepr.hu\/en\/wp-json\/wp\/v2\/pages\/91\/revisions\/1148"}],"wp:attachment":[{"href":"https:\/\/livepr.hu\/en\/wp-json\/wp\/v2\/media?parent=91"}],"curies":[{"name":"wp","href":"https:\/\/api.w.org\/{rel}","templated":true}]}}