{"id":89,"date":"2024-07-02T13:13:32","date_gmt":"2024-07-02T11:13:32","guid":{"rendered":"http:\/\/livepr.hu\/?page_id=89"},"modified":"2025-10-31T21:34:07","modified_gmt":"2025-10-31T20:34:07","slug":"storytelling","status":"publish","type":"page","link":"https:\/\/livepr.hu\/en\/storytelling\/","title":{"rendered":"Storytelling"},"content":{"rendered":"<p>\u00d6mlenek r\u00e1nk az inform\u00e1ci\u00f3k, az agyunk igyekszik a l\u00e9nyegest elrakt\u00e1rozni, a kev\u00e9sb\u00e9 fontosak pedig kihullanak az eml\u00e9kezet rost\u00e1j\u00e1n. Minden m\u00e1rka, esem\u00e9ny vagy szervezet azt szeretn\u00e9, hogy a sz\u00e1m\u00e1ra fontos emberek (aka: c\u00e9lcsoport) fej\u00e9ben ott maradjon, r\u00e1ad\u00e1sul a \u201egyors el\u00e9r\u00e9s\u0171 mem\u00f3ri\u00e1ban\u201d, ha \u00fagy tetszik \u2018top-of-mind\u2019. De hogyan?<\/p>\n\n\n\n<p>Nemr\u00e9g kimutatt\u00e1k, hogy a gyerekek nyelvtanul\u00e1sa a dalocsk\u00e1kon, mond\u00f3k\u00e1kon alapszik. Sokkal k\u00f6nnyebben jegyzik meg a ritmusokat, dallamokat, mint a puszta sz\u00f6veget. A feln\u0151ttkoranal\u00f3gi\u00e1ja erre a T\u00d6RT\u00c9NET. Sokkal k\u00f6nnyebben jegyz\u00fcnk meg b\u00e1rmit, ha egy sztorihoz k\u00f6thetj\u00fck, amihez EMOCION\u00c1LISAN lehet k\u00f6t\u0151dni.<\/p>\n\n\n\n<p>Ebben seg\u00edt\u00fcnk. Kital\u00e1ljuk a sztoridat, ami rezon\u00e1lni fog a c\u00e9lk\u00f6z\u00f6ns\u00e9gn\u00e9l! Legyen az a c\u00e9galap\u00edt\u00e1s t\u00f6rt\u00e9nete, a k\u00f6rnyezet v\u00e9delme vagy a t\u00e1rsadalmilag h\u00e1tr\u00e1nyos csoportok seg\u00edt\u00e9se \u2013meg fogjuk tal\u00e1lni azt a sztorit, ami csak Benneteket jellemez. Ha a sztori k\u00e9sz, indulhat a kommunik\u00e1ci\u00f3, \u00e9s nem fog elmaradni az eredm\u00e9ny!<\/p>","protected":false},"excerpt":{"rendered":"<p>\u00d6mlenek r\u00e1nk az inform\u00e1ci\u00f3k, az agyunk igyekszik a l\u00e9nyegest elrakt\u00e1rozni, a kev\u00e9sb\u00e9 fontosak pedig kihullanak az eml\u00e9kezet rost\u00e1j\u00e1n. Minden m\u00e1rka, esem\u00e9ny vagy szervezet azt szeretn\u00e9, hogy a sz\u00e1m\u00e1ra fontos emberek (aka: c\u00e9lcsoport) fej\u00e9ben ott maradjon, r\u00e1ad\u00e1sul a \u201egyors el\u00e9r\u00e9s\u0171 mem\u00f3ri\u00e1ban\u201d, ha \u00fagy tetszik \u2018top-of-mind\u2019. De hogyan? Nemr\u00e9g kimutatt\u00e1k, hogy a gyerekek nyelvtanul\u00e1sa a dalocsk\u00e1kon, mond\u00f3k\u00e1kon [&hellip;]<\/p>\n","protected":false},"author":1,"featured_media":0,"parent":0,"menu_order":0,"comment_status":"closed","ping_status":"closed","template":"","meta":{"_acf_changed":false,"_seopress_robots_primary_cat":"","_seopress_titles_title":"","_seopress_titles_desc":"","_seopress_robots_index":"","footnotes":""},"class_list":["post-89","page","type-page","status-publish","hentry"],"acf":[],"_links":{"self":[{"href":"https:\/\/livepr.hu\/en\/wp-json\/wp\/v2\/pages\/89","targetHints":{"allow":["GET"]}}],"collection":[{"href":"https:\/\/livepr.hu\/en\/wp-json\/wp\/v2\/pages"}],"about":[{"href":"https:\/\/livepr.hu\/en\/wp-json\/wp\/v2\/types\/page"}],"author":[{"embeddable":true,"href":"https:\/\/livepr.hu\/en\/wp-json\/wp\/v2\/users\/1"}],"replies":[{"embeddable":true,"href":"https:\/\/livepr.hu\/en\/wp-json\/wp\/v2\/comments?post=89"}],"version-history":[{"count":6,"href":"https:\/\/livepr.hu\/en\/wp-json\/wp\/v2\/pages\/89\/revisions"}],"predecessor-version":[{"id":1143,"href":"https:\/\/livepr.hu\/en\/wp-json\/wp\/v2\/pages\/89\/revisions\/1143"}],"wp:attachment":[{"href":"https:\/\/livepr.hu\/en\/wp-json\/wp\/v2\/media?parent=89"}],"curies":[{"name":"wp","href":"https:\/\/api.w.org\/{rel}","templated":true}]}}