{"id":87,"date":"2024-07-02T13:12:57","date_gmt":"2024-07-02T11:12:57","guid":{"rendered":"http:\/\/livepr.hu\/?page_id=87"},"modified":"2025-10-31T21:26:33","modified_gmt":"2025-10-31T20:26:33","slug":"sportkommunikacio","status":"publish","type":"page","link":"https:\/\/livepr.hu\/en\/sportkommunikacio\/","title":{"rendered":"Sports communication"},"content":{"rendered":"<p>A sport napjaink egyik legfontosabb szabadid\u0151s \u201eterm\u00e9ke\u201d. Fitnesz-terembe j\u00e1runk, vitorl\u00e1zunk az Adri\u00e1n, meccseket n\u00e9z\u00fcnk online, jegyet vesz\u00fcnk a BL-d\u00f6nt\u0151re, fogadunk az eredm\u00e9nyekre \u2013\u00e9s m\u00e9g sorolhatn\u00e1nk. Asport elv\u00e1laszthatatlan r\u00e9sze lett a kommunik\u00e1ci\u00f3: a m\u00e9dia kiszolg\u00e1l\u00e1sa, az online k\u00f6zvet\u00edt\u00e9sek, a hospitality-csomagok, jegy\u00e9rt\u00e9kes\u00edt\u00e9s, szponzor\u00e1ci\u00f3k \u2013minden f\u00e9l abban \u00e9rdekelt, hogy az \u00fczenetek c\u00e9lba \u00e9rjenek. A Live PR a magyar kommunik\u00e1ci\u00f3s ipar\u00e1gbanaz els\u0151k k\u00f6z\u00f6tt ismerte fel mindennek a jelent\u0151s\u00e9gt, \u00e9s m\u00e1r 2006-ban l\u00e9trehoztuk sportkommunik\u00e1ci\u00f3s div\u00edzi\u00f3nkat, a Live Sportot. Az\u00f3ta is folyamatosan jelen vagyunk ezen a ter\u00fcleten, \u00e9s t\u00e1mogat\u00e1st ny\u00fajtunk minden r\u00e9sztvev\u0151 f\u00e9lnek, legyen az esem\u00e9nyszervez\u0151, szponzor, sportol\u00f3 vagy sportm\u00e9dia. A kommunik\u00e1ci\u00f3 nem csak d\u00edsz\u00edt\u00e9s a \u201eterm\u00e9ken\u201d: maga az ismerts\u00e9g helyezi fel az esem\u00e9nyt a t\u00e9rk\u00e9pre. \u00c9rdemes professzion\u00e1lisan kezelni!<\/p>","protected":false},"excerpt":{"rendered":"<p>A sport napjaink egyik legfontosabb szabadid\u0151s \u201eterm\u00e9ke\u201d. Fitnesz-terembe j\u00e1runk, vitorl\u00e1zunk az Adri\u00e1n, meccseket n\u00e9z\u00fcnk online, jegyet vesz\u00fcnk a BL-d\u00f6nt\u0151re, fogadunk az eredm\u00e9nyekre \u2013\u00e9s m\u00e9g sorolhatn\u00e1nk. Asport elv\u00e1laszthatatlan r\u00e9sze lett a kommunik\u00e1ci\u00f3: a m\u00e9dia kiszolg\u00e1l\u00e1sa, az online k\u00f6zvet\u00edt\u00e9sek, a hospitality-csomagok, jegy\u00e9rt\u00e9kes\u00edt\u00e9s, szponzor\u00e1ci\u00f3k \u2013minden f\u00e9l abban \u00e9rdekelt, hogy az \u00fczenetek c\u00e9lba \u00e9rjenek. A Live PR a magyar [&hellip;]<\/p>\n","protected":false},"author":1,"featured_media":0,"parent":0,"menu_order":0,"comment_status":"closed","ping_status":"closed","template":"","meta":{"_acf_changed":false,"_seopress_robots_primary_cat":"","_seopress_titles_title":"","_seopress_titles_desc":"","_seopress_robots_index":"","footnotes":""},"class_list":["post-87","page","type-page","status-publish","hentry"],"acf":[],"_links":{"self":[{"href":"https:\/\/livepr.hu\/en\/wp-json\/wp\/v2\/pages\/87","targetHints":{"allow":["GET"]}}],"collection":[{"href":"https:\/\/livepr.hu\/en\/wp-json\/wp\/v2\/pages"}],"about":[{"href":"https:\/\/livepr.hu\/en\/wp-json\/wp\/v2\/types\/page"}],"author":[{"embeddable":true,"href":"https:\/\/livepr.hu\/en\/wp-json\/wp\/v2\/users\/1"}],"replies":[{"embeddable":true,"href":"https:\/\/livepr.hu\/en\/wp-json\/wp\/v2\/comments?post=87"}],"version-history":[{"count":8,"href":"https:\/\/livepr.hu\/en\/wp-json\/wp\/v2\/pages\/87\/revisions"}],"predecessor-version":[{"id":1139,"href":"https:\/\/livepr.hu\/en\/wp-json\/wp\/v2\/pages\/87\/revisions\/1139"}],"wp:attachment":[{"href":"https:\/\/livepr.hu\/en\/wp-json\/wp\/v2\/media?parent=87"}],"curies":[{"name":"wp","href":"https:\/\/api.w.org\/{rel}","templated":true}]}}