{"id":85,"date":"2024-07-02T13:12:14","date_gmt":"2024-07-02T11:12:14","guid":{"rendered":"http:\/\/livepr.hu\/?page_id=85"},"modified":"2025-10-31T21:24:54","modified_gmt":"2025-10-31T20:24:54","slug":"bizalomepites-es-hitelessegepites","status":"publish","type":"page","link":"https:\/\/livepr.hu\/en\/bizalomepites-es-hitelessegepites\/","title":{"rendered":"Bizalomep\u00edt\u00e9s \u00e9s hiteless\u00e9g\u00e9p\u00edt\u00e9s"},"content":{"rendered":"<p>Sokszor csak egy apr\u00f3 v\u00e1ltoztat\u00e1sra van sz\u00fcks\u00e9g, hogy megszerezz\u00fck vagy helyre\u00e1ll\u00edtsuk a bizalmat azok k\u00f6r\u00e9ben,akik fontosak nek\u00fcnk. Fogyaszt\u00f3k, r\u00e9szv\u00e9nyesek, d\u00f6nt\u00e9shoz\u00f3k, dolgoz\u00f3k \u2013ha nem tekintenek hitelesnek egy szervezetet, egy m\u00e1rk\u00e1t vagy ak\u00e1r egy gondolatmenetet, nem fog megt\u00f6rt\u00e9nni a v\u00e1rt \u00e1tt\u00f6r\u00e9s.<\/p>\n\n\n\n<p>De ez nem kell, hogy \u00edgy maradjon! Seg\u00edt\u00fcnk! Megfogalmazzuk a k\u00e9rd\u00e9seket, amelyek hozz\u00e1j\u00e1rulnak, hogy tiszt\u00e1bban l\u00e1ss. Elind\u00edtjuk a kutat\u00e1sokat, tesztelj\u00fck a k\u00f6z\u00f6ns\u00e9g reakci\u00f3it, m\u00e9rj\u00fck a v\u00e1ltoz\u00e1sok k\u00f6vetkezm\u00e9nyeit. A folyamat v\u00e9g\u00e9n biztos alapokat kapsz, amelyre \u00e9p\u00edtheted a tov\u00e1bbi l\u00e9p\u00e9seket, legyen sz\u00f3 ak\u00e1r kommunik\u00e1ci\u00f3r\u00f3l, ak\u00e1r egy beruh\u00e1z\u00e1sr\u00f3l, ak\u00e1r egy fenntarthat\u00f3s\u00e1g \u00e9rdek\u00e9ben megtett l\u00e9p\u00e9sr\u0151l.<\/p>","protected":false},"excerpt":{"rendered":"<p>Sokszor csak egy apr\u00f3 v\u00e1ltoztat\u00e1sra van sz\u00fcks\u00e9g, hogy megszerezz\u00fck vagy helyre\u00e1ll\u00edtsuk a bizalmat azok k\u00f6r\u00e9ben,akik fontosak nek\u00fcnk. Fogyaszt\u00f3k, r\u00e9szv\u00e9nyesek, d\u00f6nt\u00e9shoz\u00f3k, dolgoz\u00f3k \u2013ha nem tekintenek hitelesnek egy szervezetet, egy m\u00e1rk\u00e1t vagy ak\u00e1r egy gondolatmenetet, nem fog megt\u00f6rt\u00e9nni a v\u00e1rt \u00e1tt\u00f6r\u00e9s. De ez nem kell, hogy \u00edgy maradjon! Seg\u00edt\u00fcnk! Megfogalmazzuk a k\u00e9rd\u00e9seket, amelyek hozz\u00e1j\u00e1rulnak, hogy tiszt\u00e1bban l\u00e1ss. [&hellip;]<\/p>\n","protected":false},"author":1,"featured_media":0,"parent":0,"menu_order":0,"comment_status":"closed","ping_status":"closed","template":"","meta":{"_acf_changed":false,"_seopress_robots_primary_cat":"","_seopress_titles_title":"","_seopress_titles_desc":"","_seopress_robots_index":"","footnotes":""},"class_list":["post-85","page","type-page","status-publish","hentry"],"acf":[],"_links":{"self":[{"href":"https:\/\/livepr.hu\/en\/wp-json\/wp\/v2\/pages\/85","targetHints":{"allow":["GET"]}}],"collection":[{"href":"https:\/\/livepr.hu\/en\/wp-json\/wp\/v2\/pages"}],"about":[{"href":"https:\/\/livepr.hu\/en\/wp-json\/wp\/v2\/types\/page"}],"author":[{"embeddable":true,"href":"https:\/\/livepr.hu\/en\/wp-json\/wp\/v2\/users\/1"}],"replies":[{"embeddable":true,"href":"https:\/\/livepr.hu\/en\/wp-json\/wp\/v2\/comments?post=85"}],"version-history":[{"count":11,"href":"https:\/\/livepr.hu\/en\/wp-json\/wp\/v2\/pages\/85\/revisions"}],"predecessor-version":[{"id":1138,"href":"https:\/\/livepr.hu\/en\/wp-json\/wp\/v2\/pages\/85\/revisions\/1138"}],"wp:attachment":[{"href":"https:\/\/livepr.hu\/en\/wp-json\/wp\/v2\/media?parent=85"}],"curies":[{"name":"wp","href":"https:\/\/api.w.org\/{rel}","templated":true}]}}